{"id":434,"date":"2022-01-07T22:00:47","date_gmt":"2022-01-07T21:00:47","guid":{"rendered":"http:\/\/www.islandpferde-drachenstein.de\/?page_id=434"},"modified":"2022-01-08T01:20:57","modified_gmt":"2022-01-08T00:20:57","slug":"impressum","status":"publish","type":"page","link":"https:\/\/www.islandpferde-drachenstein.de\/?page_id=434","title":{"rendered":"Impressum"},"content":{"rendered":"\n<style type=\"text\/css\" data-created_by=\"avia_inline_auto\" id=\"style-css-av-ky508fxz-2b53246fde053dfe796fbc051f743ded\">\n.flex_column.av-ky508fxz-2b53246fde053dfe796fbc051f743ded{\nborder-width:1px;\nborder-color:#f1f3f9;\nborder-style:solid;\npadding:25px 25px 25px 25px;\n}\n<\/style>\n<div class='flex_column av-ky508fxz-2b53246fde053dfe796fbc051f743ded av_one_half  avia-builder-el-0  el_before_av_one_half  avia-builder-el-first  first flex_column_div '   ><p>\n<style type=\"text\/css\" data-created_by=\"avia_inline_auto\" id=\"style-css-av-ky52y3z4-0f679cc99f419db0fb1176c3e9e2b8bd\">\n.avia-image-container.av-ky52y3z4-0f679cc99f419db0fb1176c3e9e2b8bd .av-image-caption-overlay-center{\ncolor:#ffffff;\n}\n<\/style>\n<div  class='avia-image-container av-ky52y3z4-0f679cc99f419db0fb1176c3e9e2b8bd av-styling-circle avia-align-right  avia-builder-el-1  el_before_av_image  avia-builder-el-first '  itemprop=\"image\" itemscope=\"itemscope\" itemtype=\"https:\/\/schema.org\/ImageObject\" ><div class=\"avia-image-container-inner\"><div class=\"avia-image-overlay-wrap\"><img decoding=\"async\" class='wp-image-472 avia-img-lazy-loading-not-472 avia_image' src=\"https:\/\/www.islandpferde-drachenstein.de\/wp-content\/uploads\/2022\/01\/flagDE-36x36.png\" alt='' title='flagDE'  height=\"36\" width=\"36\"  itemprop=\"thumbnailUrl\" srcset=\"https:\/\/www.islandpferde-drachenstein.de\/wp-content\/uploads\/2022\/01\/flagDE-36x36.png 36w, https:\/\/www.islandpferde-drachenstein.de\/wp-content\/uploads\/2022\/01\/flagDE-300x300.png 300w, https:\/\/www.islandpferde-drachenstein.de\/wp-content\/uploads\/2022\/01\/flagDE-80x80.png 80w, https:\/\/www.islandpferde-drachenstein.de\/wp-content\/uploads\/2022\/01\/flagDE-180x180.png 180w, https:\/\/www.islandpferde-drachenstein.de\/wp-content\/uploads\/2022\/01\/flagDE.png 512w\" sizes=\"(max-width: 36px) 100vw, 36px\" \/><\/div><\/div><\/div><br \/>\n\n<style type=\"text\/css\" data-created_by=\"avia_inline_auto\" id=\"style-css-av-ky52j2p2-de7f9c612de46023135536d9fb3867b2\">\n.avia-image-container.av-ky52j2p2-de7f9c612de46023135536d9fb3867b2 .av-image-caption-overlay-center{\ncolor:#ffffff;\n}\n<\/style>\n<div  class='avia-image-container av-ky52j2p2-de7f9c612de46023135536d9fb3867b2 av-styling-circle avia-align-right  avia-builder-el-2  el_after_av_image  el_before_av_heading '  itemprop=\"image\" itemscope=\"itemscope\" itemtype=\"https:\/\/schema.org\/ImageObject\" ><div class=\"avia-image-container-inner\"><div class=\"avia-image-overlay-wrap\"><img decoding=\"async\" class='wp-image- avia-img-lazy-loading-not- avia_image' src=\"https:\/\/www.islandpferde-drachenstein.de\/wp-content\/uploads\/2022\/01\/germany-300x300.png\" alt='' title=''   itemprop=\"thumbnailUrl\"  \/><\/div><\/div><\/div><br \/>\n\n<style type=\"text\/css\" data-created_by=\"avia_inline_auto\" id=\"style-css-av-ky4yssnk-40b60b5eaa8f14ee12399d78326f1856\">\n#top .av-special-heading.av-ky4yssnk-40b60b5eaa8f14ee12399d78326f1856{\npadding-bottom:10px;\n}\nbody .av-special-heading.av-ky4yssnk-40b60b5eaa8f14ee12399d78326f1856 .av-special-heading-tag .heading-char{\nfont-size:25px;\n}\n.av-special-heading.av-ky4yssnk-40b60b5eaa8f14ee12399d78326f1856 .av-subheading{\nfont-size:15px;\n}\n<\/style>\n<div  class='av-special-heading av-ky4yssnk-40b60b5eaa8f14ee12399d78326f1856 av-special-heading-h1 blockquote modern-quote  avia-builder-el-3  el_after_av_image  el_before_av_heading '><h1 class='av-special-heading-tag'  itemprop=\"headline\"  >Impresssum<\/h1><div class=\"special-heading-border\"><div class=\"special-heading-inner-border\"><\/div><\/div><\/div><br \/>\n\n<style type=\"text\/css\" data-created_by=\"avia_inline_auto\" id=\"style-css-av-ky501yxb-0aa410b821b5663e9d35a96d1ea19651\">\n#top .av-special-heading.av-ky501yxb-0aa410b821b5663e9d35a96d1ea19651{\npadding-bottom:10px;\n}\nbody .av-special-heading.av-ky501yxb-0aa410b821b5663e9d35a96d1ea19651 .av-special-heading-tag .heading-char{\nfont-size:25px;\n}\n.av-special-heading.av-ky501yxb-0aa410b821b5663e9d35a96d1ea19651 .av-subheading{\nfont-size:15px;\n}\n<\/style>\n<div  class='av-special-heading av-ky501yxb-0aa410b821b5663e9d35a96d1ea19651 av-special-heading-h3  avia-builder-el-4  el_after_av_heading  el_before_av_textblock '><h3 class='av-special-heading-tag'  itemprop=\"headline\"  >Angaben gem\u00e4\u00df \u00a7 5 TMG<\/h3><div class=\"special-heading-border\"><div class=\"special-heading-inner-border\"><\/div><\/div><\/div><br \/>\n<section  class='av_textblock_section av-ky4zbkjj-fc2ae5ab073afd66f6aa054a72dc431d'  itemscope=\"itemscope\" itemtype=\"https:\/\/schema.org\/CreativeWork\" ><div class='avia_textblock'  itemprop=\"text\" ><p>Verena Longwitz<br \/>\nFeldkampstr. 75<br \/>\n44625 Herne<\/p>\n<p>Julia Netschas<br \/>\nIm Spring 1<br \/>\n59494 Soest<\/p>\n<h6><strong>Kontakt:<\/strong><\/h6>\n<p>+49 172 5783006<br \/>\ninfo[at]islandpferde-drachenstein.de<\/p>\n<\/div><\/section><br \/>\n\n<style type=\"text\/css\" data-created_by=\"avia_inline_auto\" id=\"style-css-av-ky502en2-6c5a723bd60ef79470b12edd05497f50\">\n#top .av-special-heading.av-ky502en2-6c5a723bd60ef79470b12edd05497f50{\npadding-bottom:10px;\n}\nbody .av-special-heading.av-ky502en2-6c5a723bd60ef79470b12edd05497f50 .av-special-heading-tag .heading-char{\nfont-size:25px;\n}\n.av-special-heading.av-ky502en2-6c5a723bd60ef79470b12edd05497f50 .av-subheading{\nfont-size:15px;\n}\n<\/style>\n<div  class='av-special-heading av-ky502en2-6c5a723bd60ef79470b12edd05497f50 av-special-heading-h3  avia-builder-el-6  el_after_av_textblock  el_before_av_textblock '><h3 class='av-special-heading-tag'  itemprop=\"headline\"  >Bildquellen<\/h3><div class=\"special-heading-border\"><div class=\"special-heading-inner-border\"><\/div><\/div><\/div><br \/>\n<section  class='av_textblock_section av-ky505l5c-fc11245bb991f2a49458bf5aed351aa4'  itemscope=\"itemscope\" itemtype=\"https:\/\/schema.org\/CreativeWork\" ><div class='avia_textblock'  itemprop=\"text\" ><p>Alle Bilder sind urheberrechtlich gesch\u00fctzt! Ein Kopieren und Verwenden der Bilder jeglicher Art bedarf der ausdr\u00fccklichen Zustimmung des Inhabers der Webseite.<\/p>\n<h6>F\u00fcr die gro\u00dfartigen Bilder danken wir:<\/h6>\n<p>Carolin Giese <a href=\"https:\/\/linaimages.com\/\">LinaImages<\/a><\/p>\n<\/div><\/section><br \/>\n\n<style type=\"text\/css\" data-created_by=\"avia_inline_auto\" id=\"style-css-av-ky51dida-f5b1124c086578f25d5584c0ba24239d\">\n#top .av-special-heading.av-ky51dida-f5b1124c086578f25d5584c0ba24239d{\npadding-bottom:10px;\n}\nbody .av-special-heading.av-ky51dida-f5b1124c086578f25d5584c0ba24239d .av-special-heading-tag .heading-char{\nfont-size:25px;\n}\n.av-special-heading.av-ky51dida-f5b1124c086578f25d5584c0ba24239d .av-subheading{\nfont-size:15px;\n}\n<\/style>\n<div  class='av-special-heading av-ky51dida-f5b1124c086578f25d5584c0ba24239d av-special-heading-h3  avia-builder-el-8  el_after_av_textblock  el_before_av_textblock '><h3 class='av-special-heading-tag'  itemprop=\"headline\"  >Haftungsausschluss<\/h3><div class=\"special-heading-border\"><div class=\"special-heading-inner-border\"><\/div><\/div><\/div><br \/>\n<section  class='av_textblock_section av-ky51ibd2-112f72f4c916438a69c0e2971c44427d'  itemscope=\"itemscope\" itemtype=\"https:\/\/schema.org\/CreativeWork\" ><div class='avia_textblock'  itemprop=\"text\" ><h6><\/h6>\n<h6><\/h6>\n<h6>Haftung f\u00fcr Inhalte<\/h6>\n<p>Als Diensteanbieter sind wir gem\u00e4\u00df \u00a7 7 Abs.1 TMG f\u00fcr eigene Inhalte auf diesen Seiten nach den allgemeinen Gesetzen verantwortlich. Nach \u00a7\u00a7 8 bis 10 TMG sind wir als Diensteanbieter jedoch nicht verpflichtet, \u00fcbermittelte oder gespeicherte fremde Informationen zu \u00fcberwachen oder nach Umst\u00e4nden zu forschen, die auf eine rechtswidrige T\u00e4tigkeit hinweisen.<\/p>\n<p>Verpflichtungen zur Entfernung oder Sperrung der Nutzung von Informationen nach den allgemeinen Gesetzen bleiben hiervon unber\u00fchrt. Eine diesbez\u00fcgliche Haftung ist jedoch erst ab dem Zeitpunkt der Kenntnis einer konkreten Rechtsverletzung m\u00f6glich.<\/p>\n<p>Bei Bekanntwerden von Rechtsverletzungen werden wir diese Inhalte umgehend entfernen.<\/p>\n<h6>Haftung f\u00fcr Links<\/h6>\n<p>Unser Angebot enth\u00e4lt Links zu externen Webseiten Dritter, auf deren Inhalte wir keinen Einfluss haben. Deshalb k\u00f6nnen wir f\u00fcr diese fremden Inhalte auch keine Gew\u00e4hr \u00fcbernehmen.<\/p>\n<p>F\u00fcr die Inhalte der verlinkten Seiten ist stets der jeweilige Anbieter oder Betreiber der Seiten verantwortlich. Die verlinkten Seiten wurden zum Zeitpunkt der Verlinkung auf m\u00f6gliche Rechtsverst\u00f6\u00dfe \u00fcberpr\u00fcft. Rechtswidrige Inhalte waren zum Zeitpunkt der Verlinkung nicht erkennbar. Eine permanente inhaltliche Kontrolle der verlinkten Seiten ist jedoch ohne konkrete Anhaltspunkte einer Rechtsverletzung nicht zumutbar.<\/p>\n<p>Bei Bekanntwerden von Rechtsverletzungen werden wir derartige Links umgehend entfernen.<\/p>\n<h6><\/h6>\n<h6 class=\"card-title\">Urheberrecht<\/h6>\n<p>Die durch die Seitenbetreiber erstellten Inhalte und Werke auf diesen Seiten unterliegen dem deutschen Urheberrecht. Die Vervielf\u00e4ltigung, Bearbeitung, Verbreitung und jede Art der Verwertung au\u00dferhalb der Grenzen des Urheberrechtes bed\u00fcrfen der schriftlichen Zustimmung des jeweiligen Autors bzw. Erstellers. Downloads und Kopien dieser Seite sind nur f\u00fcr den privaten, nicht kommerziellen Gebrauch gestattet.<\/p>\n<p>Soweit die Inhalte auf dieser Seite nicht vom Betreiber erstellt wurden, werden die Urheberrechte Dritter beachtet. Insbesondere werden Inhalte Dritter als solche gekennzeichnet. Sollten Sie trotzdem auf eine Urheberrechtsverletzung aufmerksam werden, bitten wir um einen entsprechenden Hinweis.<\/p>\n<p>Bei Bekanntwerden von Rechtsverletzungen werden wir derartige Inhalte umgehend entfernen.<\/p>\n<\/div><\/section><br \/>\n\n<style type=\"text\/css\" data-created_by=\"avia_inline_auto\" id=\"style-css-av-ky523dxo-99142ff45c891b7613e1b85aea29ec24\">\n#top .av-special-heading.av-ky523dxo-99142ff45c891b7613e1b85aea29ec24{\npadding-bottom:10px;\n}\nbody .av-special-heading.av-ky523dxo-99142ff45c891b7613e1b85aea29ec24 .av-special-heading-tag .heading-char{\nfont-size:25px;\n}\n.av-special-heading.av-ky523dxo-99142ff45c891b7613e1b85aea29ec24 .av-subheading{\nfont-size:15px;\n}\n<\/style>\n<div  class='av-special-heading av-ky523dxo-99142ff45c891b7613e1b85aea29ec24 av-special-heading-h3  avia-builder-el-10  el_after_av_textblock  el_before_av_textblock '><h3 class='av-special-heading-tag'  itemprop=\"headline\"  >Verbraucherstreitbeilegung<\/h3><div class=\"special-heading-border\"><div class=\"special-heading-inner-border\"><\/div><\/div><\/div><br \/>\n<section  class='av_textblock_section av-ky5251yg-e0e869196ee94aee75cd689a155dbab6'  itemscope=\"itemscope\" itemtype=\"https:\/\/schema.org\/CreativeWork\" ><div class='avia_textblock'  itemprop=\"text\" ><p>Wir nehmen nicht an einem Streitbeilegungsverfahren vor einer Verbraucherschlichtungsstelle teil.<\/p>\n<\/div><\/section><\/p><\/div>\n<style type=\"text\/css\" data-created_by=\"avia_inline_auto\" id=\"style-css-av-6qsay-a39ba2d9cecf2e27ce93d129df4841c7\">\n.flex_column.av-6qsay-a39ba2d9cecf2e27ce93d129df4841c7{\nborder-width:1px;\nborder-color:#f1f3f9;\nborder-style:solid;\npadding:25px 25px 25px 25px;\n}\n<\/style>\n<div class='flex_column av-6qsay-a39ba2d9cecf2e27ce93d129df4841c7 av_one_half  avia-builder-el-12  el_after_av_one_half  avia-builder-el-last  flex_column_div '   ><p>\n<style type=\"text\/css\" data-created_by=\"avia_inline_auto\" id=\"style-css-av-ky52yi7x-207ed61d21be51a5f71d875f0011f3be\">\n.avia-image-container.av-ky52yi7x-207ed61d21be51a5f71d875f0011f3be .av-image-caption-overlay-center{\ncolor:#ffffff;\n}\n<\/style>\n<div  class='avia-image-container av-ky52yi7x-207ed61d21be51a5f71d875f0011f3be av-styling-circle avia-align-right  avia-builder-el-13  el_before_av_image  avia-builder-el-first '  itemprop=\"image\" itemscope=\"itemscope\" itemtype=\"https:\/\/schema.org\/ImageObject\" ><div class=\"avia-image-container-inner\"><div class=\"avia-image-overlay-wrap\"><img decoding=\"async\" class='wp-image-473 avia-img-lazy-loading-not-473 avia_image' src=\"https:\/\/www.islandpferde-drachenstein.de\/wp-content\/uploads\/2022\/01\/flagUK-36x36.png\" alt='' title='flagUK'  height=\"36\" width=\"36\"  itemprop=\"thumbnailUrl\" srcset=\"https:\/\/www.islandpferde-drachenstein.de\/wp-content\/uploads\/2022\/01\/flagUK-36x36.png 36w, https:\/\/www.islandpferde-drachenstein.de\/wp-content\/uploads\/2022\/01\/flagUK-300x300.png 300w, https:\/\/www.islandpferde-drachenstein.de\/wp-content\/uploads\/2022\/01\/flagUK-80x80.png 80w, https:\/\/www.islandpferde-drachenstein.de\/wp-content\/uploads\/2022\/01\/flagUK-180x180.png 180w, https:\/\/www.islandpferde-drachenstein.de\/wp-content\/uploads\/2022\/01\/flagUK.png 512w\" sizes=\"(max-width: 36px) 100vw, 36px\" \/><\/div><\/div><\/div><br \/>\n\n<style type=\"text\/css\" data-created_by=\"avia_inline_auto\" id=\"style-css-av-ky52kmw0-f0967813984c910ae2430a547a236e94\">\n.avia-image-container.av-ky52kmw0-f0967813984c910ae2430a547a236e94 .av-image-caption-overlay-center{\ncolor:#ffffff;\n}\n<\/style>\n<div  class='avia-image-container av-ky52kmw0-f0967813984c910ae2430a547a236e94 av-styling-circle avia-align-right  avia-builder-el-14  el_after_av_image  el_before_av_heading '  itemprop=\"image\" itemscope=\"itemscope\" itemtype=\"https:\/\/schema.org\/ImageObject\" ><div class=\"avia-image-container-inner\"><div class=\"avia-image-overlay-wrap\"><img decoding=\"async\" class='wp-image- avia-img-lazy-loading-not- avia_image' src=\"https:\/\/www.islandpferde-drachenstein.de\/wp-content\/uploads\/2022\/01\/united-kingdom-300x300.png\" alt='' title=''   itemprop=\"thumbnailUrl\"  \/><\/div><\/div><\/div><br \/>\n\n<style type=\"text\/css\" data-created_by=\"avia_inline_auto\" id=\"style-css-av-ky50ifi5-9793e1c486c2c1b46bafa3783f59dffb\">\n#top .av-special-heading.av-ky50ifi5-9793e1c486c2c1b46bafa3783f59dffb{\npadding-bottom:10px;\n}\nbody .av-special-heading.av-ky50ifi5-9793e1c486c2c1b46bafa3783f59dffb .av-special-heading-tag .heading-char{\nfont-size:25px;\n}\n.av-special-heading.av-ky50ifi5-9793e1c486c2c1b46bafa3783f59dffb .av-subheading{\nfont-size:15px;\n}\n<\/style>\n<div  class='av-special-heading av-ky50ifi5-9793e1c486c2c1b46bafa3783f59dffb av-special-heading-h1 blockquote modern-quote  avia-builder-el-15  el_after_av_image  el_before_av_heading '><h1 class='av-special-heading-tag'  itemprop=\"headline\"  >Legal notice<\/h1><div class=\"special-heading-border\"><div class=\"special-heading-inner-border\"><\/div><\/div><\/div><br \/>\n\n<style type=\"text\/css\" data-created_by=\"avia_inline_auto\" id=\"style-css-av-ky50ji6v-37e94bdc05486f4a0070c5b629ac3b7d\">\n#top .av-special-heading.av-ky50ji6v-37e94bdc05486f4a0070c5b629ac3b7d{\npadding-bottom:10px;\n}\nbody .av-special-heading.av-ky50ji6v-37e94bdc05486f4a0070c5b629ac3b7d .av-special-heading-tag .heading-char{\nfont-size:25px;\n}\n.av-special-heading.av-ky50ji6v-37e94bdc05486f4a0070c5b629ac3b7d .av-subheading{\nfont-size:15px;\n}\n<\/style>\n<div  class='av-special-heading av-ky50ji6v-37e94bdc05486f4a0070c5b629ac3b7d av-special-heading-h3  avia-builder-el-16  el_after_av_heading  el_before_av_textblock '><h3 class='av-special-heading-tag'  itemprop=\"headline\"  >Information according to \u00a7 5 TMG<\/h3><div class=\"special-heading-border\"><div class=\"special-heading-inner-border\"><\/div><\/div><\/div><br \/>\n<section  class='av_textblock_section av-ky50ke0r-e5b1d7c0f7b37f48e5f77773669b9e18'  itemscope=\"itemscope\" itemtype=\"https:\/\/schema.org\/CreativeWork\" ><div class='avia_textblock'  itemprop=\"text\" ><p>Verena Longwitz<br \/>\nFeldkampstr. 75<br \/>\n44625 Herne<\/p>\n<p>Julia Netschas<br \/>\nIm Spring 1<br \/>\n59494 Soest<\/p>\n<h6><strong>Contact:<\/strong><\/h6>\n<p>+49 172 5783006<br \/>\ninfo[at]islandpferde-drachenstein.de<\/p>\n<\/div><\/section><br \/>\n\n<style type=\"text\/css\" data-created_by=\"avia_inline_auto\" id=\"style-css-av-ky50tf8q-e127a56104fb554b55e7011578251af4\">\n#top .av-special-heading.av-ky50tf8q-e127a56104fb554b55e7011578251af4{\npadding-bottom:10px;\n}\nbody .av-special-heading.av-ky50tf8q-e127a56104fb554b55e7011578251af4 .av-special-heading-tag .heading-char{\nfont-size:25px;\n}\n.av-special-heading.av-ky50tf8q-e127a56104fb554b55e7011578251af4 .av-subheading{\nfont-size:15px;\n}\n<\/style>\n<div  class='av-special-heading av-ky50tf8q-e127a56104fb554b55e7011578251af4 av-special-heading-h3  avia-builder-el-18  el_after_av_textblock  el_before_av_textblock '><h3 class='av-special-heading-tag'  itemprop=\"headline\"  >Image sources<\/h3><div class=\"special-heading-border\"><div class=\"special-heading-inner-border\"><\/div><\/div><\/div><br \/>\n<section  class='av_textblock_section av-ky50usz4-03902592b162102fa6477c0328497c01'  itemscope=\"itemscope\" itemtype=\"https:\/\/schema.org\/CreativeWork\" ><div class='avia_textblock'  itemprop=\"text\" ><p>All images are protected by copyright! A copy and use of images of any kind requires the permission of the owner of the website.<\/p>\n<h6>Many thanks for these great photos to<\/h6>\n<p>Carolin Giese <a href=\"https:\/\/linaimages.com\/\">LinaImages<\/a><\/p>\n<\/div><\/section><br \/>\n\n<style type=\"text\/css\" data-created_by=\"avia_inline_auto\" id=\"style-css-av-ky51f10z-7a35a0b7e5d9a33725c07746c894a250\">\n#top .av-special-heading.av-ky51f10z-7a35a0b7e5d9a33725c07746c894a250{\npadding-bottom:10px;\n}\nbody .av-special-heading.av-ky51f10z-7a35a0b7e5d9a33725c07746c894a250 .av-special-heading-tag .heading-char{\nfont-size:25px;\n}\n.av-special-heading.av-ky51f10z-7a35a0b7e5d9a33725c07746c894a250 .av-subheading{\nfont-size:15px;\n}\n<\/style>\n<div  class='av-special-heading av-ky51f10z-7a35a0b7e5d9a33725c07746c894a250 av-special-heading-h3  avia-builder-el-20  el_after_av_textblock  el_before_av_textblock '><h3 class='av-special-heading-tag'  itemprop=\"headline\"  >Disclaimer<\/h3><div class=\"special-heading-border\"><div class=\"special-heading-inner-border\"><\/div><\/div><\/div><br \/>\n<section  class='av_textblock_section av-ky51ybnw-674b0f8467c785e318e52744cdec84ad'  itemscope=\"itemscope\" itemtype=\"https:\/\/schema.org\/CreativeWork\" ><div class='avia_textblock'  itemprop=\"text\" ><h6><\/h6>\n<h6><\/h6>\n<h6 class=\"card-title\">Accountability for content<\/h6>\n<p>The contents of our pages have been created with the utmost care. However, we cannot guarantee the contents&#8216; accuracy, completeness or topicality. According to statutory provisions, we are furthermore responsible for our own content on these web pages. In this context, please note that we are accordingly not obliged to monitor merely the transmitted or saved information of third parties, or investigate circumstances pointing to illegal activity. Our obligations to remove or block the use of information under generally applicable laws remain unaffected by this as per \u00a7\u00a7 8 to 10 of the Telemedia Act (TMG).<\/p>\n<h6 class=\"card-title\">Accountability for links<\/h6>\n<p>Responsibility for the content of external links (to web pages of third parties) lies solely with the operators of the linked pages. No violations were evident to us at the time of linking. Should any legal infringement become known to us, we will remove the respective link immediately.<\/p>\n<h6><\/h6>\n<h6 class=\"card-title\">Copyright<\/h6>\n<p>Our web pages and their contents are subject to German copyright law. Unless expressly permitted by law (\u00a7 44a et seq. of the copyright law), every form of utilizing, reproducing or processing works subject to copyright protection on our web pages requires the prior consent of the respective owner of the rights. Individual reproductions of a work are allowed only for private use, so must not serve either directly or indirectly for earnings. Unauthorized utilization of copyrighted works is punishable (\u00a7 106 of the copyright law).<\/p>\n<\/div><\/section><br \/>\n\n<style type=\"text\/css\" data-created_by=\"avia_inline_auto\" id=\"style-css-av-ky523yd4-1cf59015f88e613ff952901df03c26af\">\n#top .av-special-heading.av-ky523yd4-1cf59015f88e613ff952901df03c26af{\npadding-bottom:10px;\n}\nbody .av-special-heading.av-ky523yd4-1cf59015f88e613ff952901df03c26af .av-special-heading-tag .heading-char{\nfont-size:25px;\n}\n.av-special-heading.av-ky523yd4-1cf59015f88e613ff952901df03c26af .av-subheading{\nfont-size:15px;\n}\n<\/style>\n<div  class='av-special-heading av-ky523yd4-1cf59015f88e613ff952901df03c26af av-special-heading-h3  avia-builder-el-22  el_after_av_textblock  el_before_av_textblock '><h3 class='av-special-heading-tag'  itemprop=\"headline\"  >CONSUMER DISPUTE RESOLUTION<\/h3><div class=\"special-heading-border\"><div class=\"special-heading-inner-border\"><\/div><\/div><\/div><br \/>\n<section  class='av_textblock_section av-ky524rtm-e18be8bc39f87ee3c0039afbe6f58c0f'  itemscope=\"itemscope\" itemtype=\"https:\/\/schema.org\/CreativeWork\" ><div class='avia_textblock'  itemprop=\"text\" ><p>We are not taking part in a dispute resolution procedure before a consumer mediation board.<\/p>\n<\/div><\/section><\/p><\/div><\/p>\n","protected":false},"excerpt":{"rendered":"","protected":false},"author":1,"featured_media":0,"parent":0,"menu_order":0,"comment_status":"closed","ping_status":"closed","template":"","meta":{"footnotes":""},"class_list":["post-434","page","type-page","status-publish","hentry"],"_links":{"self":[{"href":"https:\/\/www.islandpferde-drachenstein.de\/index.php?rest_route=\/wp\/v2\/pages\/434","targetHints":{"allow":["GET"]}}],"collection":[{"href":"https:\/\/www.islandpferde-drachenstein.de\/index.php?rest_route=\/wp\/v2\/pages"}],"about":[{"href":"https:\/\/www.islandpferde-drachenstein.de\/index.php?rest_route=\/wp\/v2\/types\/page"}],"author":[{"embeddable":true,"href":"https:\/\/www.islandpferde-drachenstein.de\/index.php?rest_route=\/wp\/v2\/users\/1"}],"replies":[{"embeddable":true,"href":"https:\/\/www.islandpferde-drachenstein.de\/index.php?rest_route=%2Fwp%2Fv2%2Fcomments&post=434"}],"version-history":[{"count":35,"href":"https:\/\/www.islandpferde-drachenstein.de\/index.php?rest_route=\/wp\/v2\/pages\/434\/revisions"}],"predecessor-version":[{"id":474,"href":"https:\/\/www.islandpferde-drachenstein.de\/index.php?rest_route=\/wp\/v2\/pages\/434\/revisions\/474"}],"wp:attachment":[{"href":"https:\/\/www.islandpferde-drachenstein.de\/index.php?rest_route=%2Fwp%2Fv2%2Fmedia&parent=434"}],"curies":[{"name":"wp","href":"https:\/\/api.w.org\/{rel}","templated":true}]}}